{"id":15115,"date":"2023-07-21T18:41:50","date_gmt":"2023-07-21T17:41:50","guid":{"rendered":"https:\/\/aulaandina.com\/?page_id=15115"},"modified":"2023-11-27T12:32:21","modified_gmt":"2023-11-27T17:32:21","slug":"recursos-educativos","status":"publish","type":"page","link":"https:\/\/aulaandina.com\/index.php\/recursos-educativos\/","title":{"rendered":"Recursos educativos"},"content":{"rendered":"<p><span style=\"font-weight: 400;\">La elaboraci\u00f3n de recursos educativos es un proceso fundamental en la creaci\u00f3n de un entorno de aprendizaje efectivo y enriquecedor. Este proceso implica la creaci\u00f3n y dise\u00f1o de materiales did\u00e1cticos, herramientas y actividades que faciliten la adquisici\u00f3n de conocimientos y habilidades por parte de los estudiantes. A continuaci\u00f3n, se describen algunas etapas clave en la elaboraci\u00f3n de nuestros recursos educativos:<\/span><\/p>\n<p>\u00a0<\/p>\n<ol>\n<li><span style=\"font-weight: 400;\"> Identificaci\u00f3n de necesidades: El primer paso es comprender las necesidades espec\u00edficas de los estudiantes y los objetivos de aprendizaje. Esto implica analizar el curr\u00edculo, las habilidades requeridas y las caracter\u00edsticas del grupo de estudiantes al que van dirigidos los recursos.<\/span><\/li>\n<\/ol>\n<ol start=\"2\">\n<li><span style=\"font-weight: 400;\"> Planificaci\u00f3n y dise\u00f1o: Una vez identificadas las necesidades, se procede a planificar y dise\u00f1ar los recursos educativos de manera estructurada y coherente. Esto incluye la selecci\u00f3n de temas importantes para la comunidad con la cual estemos trabajando, la investigaci\u00f3n del contenido, la elecci\u00f3n de las estrategias pedag\u00f3gicas adecuadas y la integraci\u00f3n de herramientas interactivas y did\u00e1cticas.\u00a0<\/span><\/li>\n<\/ol>\n<ol start=\"3\">\n<li><span style=\"font-weight: 400;\"> Creaci\u00f3n de contenido: En esta etapa, se produce el contenido educativo propiamente dicho. Puede incluir la redacci\u00f3n de textos, la creaci\u00f3n de im\u00e1genes, gr\u00e1ficos, videos, actividades interactivas, experiencias vivenciales de aprendizaje y otros materiales que promuevan la participaci\u00f3n activa y el compromiso del estudiante con el aprendizaje.<\/span><\/li>\n<\/ol>\n<ol start=\"4\">\n<li><span style=\"font-weight: 400;\"> Implementaci\u00f3n y difusi\u00f3n: Una vez que se han realizado los recursos educativos, se entregan para implementaci\u00f3n en el entorno de aprendizaje, ya sea en el aula tradicional o en entornos virtuales. Adem\u00e1s, se promueve su difusi\u00f3n para que otros educadores y estudiantes puedan beneficiarse de ellos.<\/span><\/li>\n<\/ol>\n<ol start=\"5\">\n<li><span style=\"font-weight: 400;\"> Capacitaci\u00f3n: Cuando se entregan los recursos educativos, siempre recomendamos acompa\u00f1ar esta entrega con m\u00ednimo una sesi\u00f3n de capacitaci\u00f3n donde se explique el proceso de realizaci\u00f3n del recurso y se gu\u00eda en c\u00f3mo implementarlo en el aula.\u00a0<\/span><\/li>\n<\/ol>\n<p><span style=\"font-weight: 400;\">Como consultora, trabajamos en la elaboraci\u00f3n de recursos educativos como:\u00a0<\/span><\/p>\n<ul>\n<li><span style=\"font-weight: 400;\">Elaboraci\u00f3n de curr\u00edculos\u00a0<\/span><\/li>\n<li><span style=\"font-weight: 400;\">Elaboraci\u00f3n de unidades educativas\u00a0<\/span><\/li>\n<li><span style=\"font-weight: 400;\">Elaboraci\u00f3n de planes educativos\u00a0<\/span><\/li>\n<li><span style=\"font-weight: 400;\">Dise\u00f1o de actividades educativas\u00a0<\/span><\/li>\n<li><span style=\"font-weight: 400;\">Elaboraci\u00f3n de materiales educativos f\u00edsicos, virtuales y multimedia\u00a0<\/span><\/li>\n<li><span style=\"font-weight: 400;\">Elaboraci\u00f3n de libros de texto <\/span><\/li>\n<\/ul>\n<blockquote>\n<p><span style=\"font-weight: 400;\">\u201cThe more that you read, the more things you will know, the more that you learn, the more places you\u2019ll go\u201d<\/span><\/p>\n<footer><i><span style=\"font-weight: 400;\">Dr. Seuss<\/span><\/i><\/footer><\/blockquote>\n\n\n<hr class=\"wp-block-separator has-alpha-channel-opacity is-style-wide\"\/>\n\n\n\n<h3 class=\"wp-block-heading\">Recursos gratuitos<\/h3>\n\n\n\n<p>Tambi\u00e9n, entendemos que la labor docente es bastante demandante y no hay suficiente tiempo para adem\u00e1s de estar en el aula todo el d\u00eda trabajando con nuestros estudiantes, capacitarnos, mantenernos al d\u00eda con la investigaci\u00f3n, e innovar con nuestros recursos. Por lo tanto, ofrecemos recursos que pueden ser usados de manera libre en las aulas.<\/p>\n\n\n\n<div class=\"wp-block-media-text alignwide is-stacked-on-mobile\" style=\"grid-template-columns:15% auto\"><figure class=\"wp-block-media-text__media\"><img decoding=\"async\" loading=\"lazy\" width=\"397\" height=\"397\" src=\"http:\/\/aulaandina.com\/wp-content\/uploads\/2016\/10\/darkicon_07.png\" alt=\"\" class=\"wp-image-211 size-full\" srcset=\"https:\/\/aulaandina.com\/wp-content\/uploads\/2016\/10\/darkicon_07.png 397w, https:\/\/aulaandina.com\/wp-content\/uploads\/2016\/10\/darkicon_07-300x300.png 300w, https:\/\/aulaandina.com\/wp-content\/uploads\/2016\/10\/darkicon_07-100x100.png 100w, https:\/\/aulaandina.com\/wp-content\/uploads\/2016\/10\/darkicon_07-150x150.png 150w\" sizes=\"(max-width: 397px) 100vw, 397px\" \/><\/figure><div class=\"wp-block-media-text__content\">\n<h4 class=\"wp-block-heading\"><strong>Unidad did\u00e1ctica de Alexander von Humboldt<\/strong><\/h4>\n\n\n\n<div class=\"wp-block-buttons is-layout-flex\">\n<div class=\"wp-block-button\"><a class=\"wp-block-button__link wp-element-button\" href=\"https:\/\/drive.google.com\/drive\/folders\/1VLJ6JOlk_ZkRARCGcV-w-HBiFxSPIC8D?usp=share_link\" target=\"_blank\" rel=\"noreferrer noopener\">Descargar recursos<\/a><\/div>\n<\/div>\n<\/div><\/div>\n\n\n\n<div class=\"wp-block-media-text alignwide is-stacked-on-mobile\" style=\"grid-template-columns:15% auto\"><figure class=\"wp-block-media-text__media\"><img decoding=\"async\" loading=\"lazy\" width=\"397\" height=\"397\" src=\"http:\/\/aulaandina.com\/wp-content\/uploads\/2016\/10\/darkicon_07.png\" alt=\"\" class=\"wp-image-211 size-full\" srcset=\"https:\/\/aulaandina.com\/wp-content\/uploads\/2016\/10\/darkicon_07.png 397w, https:\/\/aulaandina.com\/wp-content\/uploads\/2016\/10\/darkicon_07-300x300.png 300w, https:\/\/aulaandina.com\/wp-content\/uploads\/2016\/10\/darkicon_07-100x100.png 100w, https:\/\/aulaandina.com\/wp-content\/uploads\/2016\/10\/darkicon_07-150x150.png 150w\" sizes=\"(max-width: 397px) 100vw, 397px\" \/><\/figure><div class=\"wp-block-media-text__content\">\n<h4 class=\"wp-block-heading\"><strong>Unidad did\u00e1ctica sobre El Bicentenario de Ambato<\/strong><\/h4>\n\n\n\n<p>Aqui va otro boton con un link, PENDEINTE EL LINK<\/p>\n<\/div><\/div>\n","protected":false},"excerpt":{"rendered":"<p>La elaboraci\u00f3n de recursos educativos es un proceso fundamental en la creaci\u00f3n de un entorno de aprendizaje efectivo y enriquecedor.<a class=\"read-more\" href=\"https:\/\/aulaandina.com\/index.php\/recursos-educativos\/\">&#8230;<\/a><\/p>\n","protected":false},"author":1,"featured_media":15251,"parent":0,"menu_order":0,"comment_status":"closed","ping_status":"closed","template":"","meta":{"_bbp_topic_count":0,"_bbp_reply_count":0,"_bbp_total_topic_count":0,"_bbp_total_reply_count":0,"_bbp_voice_count":0,"_bbp_anonymous_reply_count":0,"_bbp_topic_count_hidden":0,"_bbp_reply_count_hidden":0,"_bbp_forum_subforum_count":0},"_links":{"self":[{"href":"https:\/\/aulaandina.com\/index.php\/wp-json\/wp\/v2\/pages\/15115"}],"collection":[{"href":"https:\/\/aulaandina.com\/index.php\/wp-json\/wp\/v2\/pages"}],"about":[{"href":"https:\/\/aulaandina.com\/index.php\/wp-json\/wp\/v2\/types\/page"}],"author":[{"embeddable":true,"href":"https:\/\/aulaandina.com\/index.php\/wp-json\/wp\/v2\/users\/1"}],"replies":[{"embeddable":true,"href":"https:\/\/aulaandina.com\/index.php\/wp-json\/wp\/v2\/comments?post=15115"}],"version-history":[{"count":10,"href":"https:\/\/aulaandina.com\/index.php\/wp-json\/wp\/v2\/pages\/15115\/revisions"}],"predecessor-version":[{"id":15336,"href":"https:\/\/aulaandina.com\/index.php\/wp-json\/wp\/v2\/pages\/15115\/revisions\/15336"}],"wp:featuredmedia":[{"embeddable":true,"href":"https:\/\/aulaandina.com\/index.php\/wp-json\/wp\/v2\/media\/15251"}],"wp:attachment":[{"href":"https:\/\/aulaandina.com\/index.php\/wp-json\/wp\/v2\/media?parent=15115"}],"curies":[{"name":"wp","href":"https:\/\/api.w.org\/{rel}","templated":true}]}}