{"id":15103,"date":"2023-07-21T18:22:35","date_gmt":"2023-07-21T17:22:35","guid":{"rendered":"https:\/\/aulaandina.com\/?page_id=15103"},"modified":"2023-11-27T12:35:40","modified_gmt":"2023-11-27T17:35:40","slug":"coaching","status":"publish","type":"page","link":"https:\/\/aulaandina.com\/index.php\/coaching\/","title":{"rendered":"Coaching"},"content":{"rendered":"\n<p><span style=\"font-weight: 400;\">El coaching para docentes ha surgido como una herramienta invaluable en la promoci\u00f3n del crecimiento profesional y personal de los educadores, as\u00ed como en la mejora de la calidad educativa. A trav\u00e9s de este enfoque, los profesores pueden adquirir nuevas habilidades y competencias, fortalecer su liderazgo en el aula y encontrar estrategias efectivas para abordar los desaf\u00edos educativos contempor\u00e1neos.<\/span><\/p>\n\n\n\n<p><span style=\"font-weight: 400;\">El coaching en el \u00e1mbito educativo no solo se centra en mejorar las habilidades de ense\u00f1anza, sino tambi\u00e9n en fomentar un desarrollo integral que permita a los docentes alcanzar su m\u00e1ximo potencial. Al proporcionar un espacio seguro y de apoyo, el coach ayuda a los profesores a identificar sus fortalezas y \u00e1reas de mejora, establecer metas realistas y dise\u00f1ar un plan de acci\u00f3n concreto para lograr un crecimiento continuo.<\/span><\/p>\n\n\n\n<p><span style=\"font-weight: 400;\">Mediante sesiones de coaching individualizadas, los docentes tienen la oportunidad de reflexionar sobre sus pr\u00e1cticas pedag\u00f3gicas, explorar nuevas estrategias de ense\u00f1anza y aprendizaje, y abordar los desaf\u00edos espec\u00edficos que puedan estar enfrentando en el aula. Adem\u00e1s, el coach puede ofrecer retroalimentaci\u00f3n constructiva y alentar la autoevaluaci\u00f3n para promover la metacognici\u00f3n sobre la pr\u00e1ctica profesional docente.&nbsp;<\/span><\/p>\n\n\n\n<p><span style=\"font-weight: 400;\">El coaching tambi\u00e9n puede realizarse en grupos peque\u00f1os para promover la creaci\u00f3n de un entorno colaborativo en el que los educadores puedan compartir experiencias, ideas y recursos, lo que fomenta un enriquecimiento mutuo y el desarrollo de una comunidad de aprendizaje s\u00f3lida. Al mismo tiempo, puede ayudar a los docentes a mejorar su capacidad para adaptarse a los cambios constantes en la educaci\u00f3n y a integrar de manera efectiva las innovaciones pedag\u00f3gicas en sus pr\u00e1cticas diarias.<\/span><\/p>\n\n\n\n<p><span style=\"font-weight: 400;\">En resumen, el coaching es una herramienta esencial para cultivar un cuerpo docente comprometido, capacitado y reflexivo. Al fomentar un enfoque centrado en el crecimiento personal y profesional, el coaching no solo beneficia a los educadores individualmente, sino que tambi\u00e9n tiene un impacto positivo en el desarrollo acad\u00e9mico y emocional de los estudiantes, creando as\u00ed un entorno educativo enriquecedor y estimulante para todos los involucrados.<\/span><\/p>\n\n\n\n<p><span style=\"font-weight: 400;\">Ofrecemos servicios de acompa\u00f1amiento docente presencial y\/o virtual. Asesoramos en la realizaci\u00f3n de planificaciones, dise\u00f1o de recursos, implementaci\u00f3n de lecciones, integraci\u00f3n de la tecnolog\u00eda, entre otras necesidades particulares que presente el docente. Realizamos sesiones individuales y grupales para apoyar la labor del docente. Es importante para nosotros dise\u00f1ar planes que se ajusten al docente, sus necesidades, objetivos e incluso estilo de ense\u00f1anza.&nbsp;<\/span><\/p>\n\n\n\n<figure class=\"wp-block-gallery has-nested-images columns-3 is-cropped wp-block-gallery-1 is-layout-flex\">\n<figure class=\"wp-block-image size-medium\"><a href=\"https:\/\/aulaandina.com\/wp-content\/uploads\/2016\/10\/slider_01.jpg\" target=\"_blank\" rel=\"noopener\"><img decoding=\"async\" loading=\"lazy\" width=\"300\" height=\"238\" data-id=\"255\"  src=\"https:\/\/aulaandina.com\/wp-content\/uploads\/2016\/10\/slider_01-300x238.jpg\" alt=\"\" class=\"wp-image-255\" srcset=\"https:\/\/aulaandina.com\/wp-content\/uploads\/2016\/10\/slider_01-300x238.jpg 300w, https:\/\/aulaandina.com\/wp-content\/uploads\/2016\/10\/slider_01-600x475.jpg 600w, https:\/\/aulaandina.com\/wp-content\/uploads\/2016\/10\/slider_01-1024x811.jpg 1024w, https:\/\/aulaandina.com\/wp-content\/uploads\/2016\/10\/slider_01-768x608.jpg 768w, https:\/\/aulaandina.com\/wp-content\/uploads\/2016\/10\/slider_01-1536x1217.jpg 1536w, https:\/\/aulaandina.com\/wp-content\/uploads\/2016\/10\/slider_01.jpg 2000w\" sizes=\"(max-width: 300px) 100vw, 300px\" \/><\/a><\/figure>\n\n\n\n<figure class=\"wp-block-image size-medium\"><a href=\"https:\/\/aulaandina.com\/wp-content\/uploads\/2016\/10\/demo_09.jpg\" target=\"_blank\" rel=\"noopener\"><img decoding=\"async\" loading=\"lazy\" width=\"300\" height=\"238\" data-id=\"247\"  src=\"https:\/\/aulaandina.com\/wp-content\/uploads\/2016\/10\/demo_09-300x238.jpg\" alt=\"\" class=\"wp-image-247\" srcset=\"https:\/\/aulaandina.com\/wp-content\/uploads\/2016\/10\/demo_09-300x238.jpg 300w, https:\/\/aulaandina.com\/wp-content\/uploads\/2016\/10\/demo_09-600x475.jpg 600w, https:\/\/aulaandina.com\/wp-content\/uploads\/2016\/10\/demo_09-1024x811.jpg 1024w, https:\/\/aulaandina.com\/wp-content\/uploads\/2016\/10\/demo_09-768x608.jpg 768w, https:\/\/aulaandina.com\/wp-content\/uploads\/2016\/10\/demo_09-1536x1217.jpg 1536w, https:\/\/aulaandina.com\/wp-content\/uploads\/2016\/10\/demo_09.jpg 2000w\" sizes=\"(max-width: 300px) 100vw, 300px\" \/><\/a><\/figure>\n\n\n\n<figure class=\"wp-block-image size-medium\"><a href=\"https:\/\/aulaandina.com\/wp-content\/uploads\/2016\/10\/slider_02.jpg\" target=\"_blank\" rel=\"noopener\"><img decoding=\"async\" loading=\"lazy\" width=\"300\" height=\"238\" data-id=\"256\"  src=\"https:\/\/aulaandina.com\/wp-content\/uploads\/2016\/10\/slider_02-300x238.jpg\" alt=\"\" class=\"wp-image-256\" srcset=\"https:\/\/aulaandina.com\/wp-content\/uploads\/2016\/10\/slider_02-300x238.jpg 300w, https:\/\/aulaandina.com\/wp-content\/uploads\/2016\/10\/slider_02-600x475.jpg 600w, https:\/\/aulaandina.com\/wp-content\/uploads\/2016\/10\/slider_02-1024x811.jpg 1024w, https:\/\/aulaandina.com\/wp-content\/uploads\/2016\/10\/slider_02-768x608.jpg 768w, https:\/\/aulaandina.com\/wp-content\/uploads\/2016\/10\/slider_02-1536x1217.jpg 1536w, https:\/\/aulaandina.com\/wp-content\/uploads\/2016\/10\/slider_02.jpg 2000w\" sizes=\"(max-width: 300px) 100vw, 300px\" \/><\/a><\/figure>\n<\/figure>\n\n\n\n<p><span style=\"font-weight: 400;\">&nbsp;<\/span><\/p>\n\n\n\n<p><span style=\"font-weight: 400;\"><strong>Si est\u00e1s en busca de asesor\u00eda, cont\u00e1ctanos para realizar un diagn\u00f3stico y proponer un plan a tu medida. <\/strong><\/span><\/p>\n\n\n<style id=\"wpforms-css-vars-root\">\n\t\t\t\t:root {\n\t\t\t\t\t--wpforms-field-border-radius: 3px;\n--wpforms-field-background-color: #ffffff;\n--wpforms-field-border-color: rgba( 0, 0, 0, 0.25 );\n--wpforms-field-text-color: rgba( 0, 0, 0, 0.7 );\n--wpforms-label-color: rgba( 0, 0, 0, 0.85 );\n--wpforms-label-sublabel-color: rgba( 0, 0, 0, 0.55 );\n--wpforms-label-error-color: #d63637;\n--wpforms-button-border-radius: 3px;\n--wpforms-button-background-color: #066aab;\n--wpforms-button-text-color: #ffffff;\n--wpforms-field-size-input-height: 43px;\n--wpforms-field-size-input-spacing: 15px;\n--wpforms-field-size-font-size: 16px;\n--wpforms-field-size-line-height: 19px;\n--wpforms-field-size-padding-h: 14px;\n--wpforms-field-size-checkbox-size: 16px;\n--wpforms-field-size-sublabel-spacing: 5px;\n--wpforms-field-size-icon-size: 1;\n--wpforms-label-size-font-size: 16px;\n--wpforms-label-size-line-height: 19px;\n--wpforms-label-size-sublabel-font-size: 14px;\n--wpforms-label-size-sublabel-line-height: 17px;\n--wpforms-button-size-font-size: 17px;\n--wpforms-button-size-height: 41px;\n--wpforms-button-size-padding-h: 15px;\n--wpforms-button-size-margin-top: 10px;\n\n\t\t\t\t}\n\t\t\t<\/style><div class=\"wpforms-container wpforms-container-full wpforms-block wpforms-block-02a1d6ec-6401-49d9-8c18-9e57c342061b wpforms-render-modern\" id=\"wpforms-15175\"><form id=\"wpforms-form-15175\" class=\"wpforms-validate wpforms-form wpforms-ajax-form\" data-formid=\"15175\" method=\"post\" enctype=\"multipart\/form-data\" action=\"\/index.php\/wp-json\/wp\/v2\/pages\/15103\" data-token=\"1ce7269ce7f55da7fe636a8f47edfcfc\"><noscript class=\"wpforms-error-noscript\">Please enable JavaScript in your browser to complete this form.<\/noscript><div class=\"wpforms-hidden\" id=\"wpforms-error-noscript\">Please enable JavaScript in your browser to complete this form.<\/div><div class=\"wpforms-field-container\"><div id=\"wpforms-15175-field_0-container\" class=\"wpforms-field wpforms-field-name\" data-field-id=\"0\"><label class=\"wpforms-field-label\" for=\"wpforms-15175-field_0\">Nombre <span class=\"wpforms-required-label\" aria-hidden=\"true\">*<\/span><\/label><input type=\"text\" id=\"wpforms-15175-field_0\" class=\"wpforms-field-medium wpforms-field-required\" name=\"wpforms[fields][0]\" aria-errormessage=\"wpforms-15175-field_0-error\" required><\/div><div id=\"wpforms-15175-field_1-container\" class=\"wpforms-field wpforms-field-email\" data-field-id=\"1\"><label class=\"wpforms-field-label\" for=\"wpforms-15175-field_1\">Email <span class=\"wpforms-required-label\" aria-hidden=\"true\">*<\/span><\/label><input type=\"email\" id=\"wpforms-15175-field_1\" class=\"wpforms-field-medium wpforms-field-required\" name=\"wpforms[fields][1]\" spellcheck=\"false\" aria-errormessage=\"wpforms-15175-field_1-error\" required><\/div><div id=\"wpforms-15175-field_2-container\" class=\"wpforms-field wpforms-field-textarea\" data-field-id=\"2\"><label class=\"wpforms-field-label\" for=\"wpforms-15175-field_2\">Mensaje<\/label><textarea id=\"wpforms-15175-field_2\" class=\"wpforms-field-medium\" name=\"wpforms[fields][2]\" aria-errormessage=\"wpforms-15175-field_2-error\" ><\/textarea><\/div><\/div><!-- .wpforms-field-container --><div class=\"wpforms-submit-container\" ><input type=\"hidden\" name=\"wpforms[id]\" value=\"15175\"><input type=\"hidden\" name=\"wpforms[author]\" value=\"1\"><button type=\"submit\" name=\"wpforms[submit]\" id=\"wpforms-submit-15175\" class=\"wpforms-submit\" data-alt-text=\"Enviando\" data-submit-text=\"Enviar\" aria-live=\"assertive\" value=\"wpforms-submit\">Enviar<\/button><img decoding=\"async\" loading=\"lazy\" src=\"https:\/\/aulaandina.com\/wp-content\/plugins\/wpforms-lite\/assets\/images\/submit-spin.svg\" class=\"wpforms-submit-spinner\" style=\"display: none;\" width=\"26\" height=\"26\" alt=\"Loading\"><\/div><\/form><\/div>  <!-- .wpforms-container -->\n\n\n<blockquote class=\"wp-block-quote\">\n<p>\u201c<em>I find that the harder I work, the more luck I seem to have<\/em>\u201d<\/p>\n\n\n\n<footer>Thomas Jefferson<\/footer>\n<\/blockquote>\n","protected":false},"excerpt":{"rendered":"<p>El coaching para docentes ha surgido como una herramienta invaluable en la promoci\u00f3n del crecimiento profesional y personal de los<a class=\"read-more\" href=\"https:\/\/aulaandina.com\/index.php\/coaching\/\">&#8230;<\/a><\/p>\n","protected":false},"author":1,"featured_media":15260,"parent":0,"menu_order":0,"comment_status":"closed","ping_status":"closed","template":"","meta":{"_bbp_topic_count":0,"_bbp_reply_count":0,"_bbp_total_topic_count":0,"_bbp_total_reply_count":0,"_bbp_voice_count":0,"_bbp_anonymous_reply_count":0,"_bbp_topic_count_hidden":0,"_bbp_reply_count_hidden":0,"_bbp_forum_subforum_count":0},"_links":{"self":[{"href":"https:\/\/aulaandina.com\/index.php\/wp-json\/wp\/v2\/pages\/15103"}],"collection":[{"href":"https:\/\/aulaandina.com\/index.php\/wp-json\/wp\/v2\/pages"}],"about":[{"href":"https:\/\/aulaandina.com\/index.php\/wp-json\/wp\/v2\/types\/page"}],"author":[{"embeddable":true,"href":"https:\/\/aulaandina.com\/index.php\/wp-json\/wp\/v2\/users\/1"}],"replies":[{"embeddable":true,"href":"https:\/\/aulaandina.com\/index.php\/wp-json\/wp\/v2\/comments?post=15103"}],"version-history":[{"count":12,"href":"https:\/\/aulaandina.com\/index.php\/wp-json\/wp\/v2\/pages\/15103\/revisions"}],"predecessor-version":[{"id":15338,"href":"https:\/\/aulaandina.com\/index.php\/wp-json\/wp\/v2\/pages\/15103\/revisions\/15338"}],"wp:featuredmedia":[{"embeddable":true,"href":"https:\/\/aulaandina.com\/index.php\/wp-json\/wp\/v2\/media\/15260"}],"wp:attachment":[{"href":"https:\/\/aulaandina.com\/index.php\/wp-json\/wp\/v2\/media?parent=15103"}],"curies":[{"name":"wp","href":"https:\/\/api.w.org\/{rel}","templated":true}]}}