{"id":110,"date":"2016-10-18T09:28:24","date_gmt":"2016-10-18T09:28:24","guid":{"rendered":"http:\/\/theme-stall.com\/edupress\/demos\/?page_id=110"},"modified":"2023-11-27T12:28:51","modified_gmt":"2023-11-27T17:28:51","slug":"about","status":"publish","type":"page","link":"https:\/\/aulaandina.com\/index.php\/about\/","title":{"rendered":"About"},"content":{"rendered":"<div id=\"pl-110\"  class=\"panel-layout\" ><div id=\"pg-110-0\"  class=\"panel-grid panel-has-style\" ><div class=\"siteorigin-panels-stretch panel-row-style panel-row-style-for-110-0\" data-stretch-type=\"full\" ><div id=\"pgc-110-0-0\"  class=\"panel-grid-cell panel-grid-cell-empty\" ><\/div><div id=\"pgc-110-0-1\"  class=\"panel-grid-cell panel-grid-cell-mobile-last\" ><div id=\"panel-110-0-1-0\" class=\"so-panel widget widget_edupress edupress panel-first-child panel-last-child\" data-index=\"0\" ><div class=\"panel-widget-style panel-widget-style-for-110-0-1-0\" ><div class=\"textwidget\"><div class=\"big-title text-left\">\r\n                    <h2 style=\"font-size: 65px; color: #ffffff; text-transform: capitalize; font-weight: bold\">Nuestro equipo\r\n\t\t\t\t\t\r\n\t\t\t\t\t<\/h2><span class=\"display-block\" style=\"margin-top: 30px; display: block;\"><\/span><p class=\"lead\" style=\"color: #ffffff;\">Creemos en la importancia de la colaboraci\u00f3n y el intercambio de experiencias como una forma de aprendizaje cont\u00ednuo que nos ayude a ser mejores profesionales. <\/p>\r\n                <\/div><\/div><\/div><\/div><\/div><div id=\"pgc-110-0-2\"  class=\"panel-grid-cell panel-grid-cell-empty\" ><\/div><\/div><\/div><div id=\"pg-110-1\"  class=\"panel-grid panel-has-style\" ><div class=\"panel-row-style panel-row-style-for-110-1\" ><div id=\"pgc-110-1-0\"  class=\"panel-grid-cell\" ><div id=\"panel-110-1-0-0\" class=\"so-panel widget widget_media_image panel-first-child panel-last-child\" data-index=\"1\" ><img width=\"294\" height=\"300\" src=\"https:\/\/aulaandina.com\/wp-content\/uploads\/2016\/10\/testi_07-294x300.png\" class=\"image wp-image-173  attachment-medium size-medium\" alt=\"\" decoding=\"async\" loading=\"lazy\" style=\"max-width: 100%; height: auto;\" srcset=\"https:\/\/aulaandina.com\/wp-content\/uploads\/2016\/10\/testi_07-294x300.png 294w, https:\/\/aulaandina.com\/wp-content\/uploads\/2016\/10\/testi_07.png 369w\" sizes=\"(max-width: 294px) 100vw, 294px\" \/><\/div><\/div><div id=\"pgc-110-1-1\"  class=\"panel-grid-cell\" ><div id=\"panel-110-1-1-0\" class=\"so-panel widget widget_text panel-first-child\" data-index=\"2\" ><h3 class=\"widget-title\">Heny \u00c1gredo, M.Ed.<\/h3>\t\t\t<div class=\"textwidget\"><\/div>\n\t\t<\/div><div id=\"panel-110-1-1-1\" class=\"so-panel widget widget_text panel-last-child\" data-index=\"3\" ><div class=\"panel-widget-style panel-widget-style-for-110-1-1-1\" >\t\t\t<div class=\"textwidget\"><p><span style=\"font-weight: 400;\">Educadora y consultora independiente. Actualmente, se desempen\u0303a realizando capacitaciones a profesores en temas de educacio\u0301n ambiental y buenas pra\u0301cticas pedago\u0301gicas en general. Tiene 12 an\u0303os de experiencia como profesora biling\u00fce en el distrito Escolar Independiente de Dallas, TX donde se desempe\u00f1\u00f3 como profesora de ni\u00f1os desde los cuatro hasta los doce an\u0303os. Adema\u0301s, tiene experiencia como li\u0301der instruccional, cumpliendo profesora bilingu\u0308e en el Distrito Escolar Independiente de Dallas, TX donde se desempen\u0303o\u0301 como profesora de nin\u0303os desde los con roles de mentori\u0301a y entrenamiento a docentes, modelando clases, liderando comunidades de aprendizaje profesional, y realizando intervenciones con estudiantes. Es comunicadora social-periodista de la Universidad Pontificia Bolivariana de Medelli\u0301n, Colombia. Posee una Maestri\u0301a en Estudios Poli\u0301ticos de la Universidad EAFIT de Medelli\u0301n, Colombia y una Maestri\u0301a en Educacio\u0301n Bilingu\u0308e de la Universidad Metodista del Sur (SMU). Actualmente, Heny se encuentra realizando su doctorado en Liderazgo Educativo en la universidad de Johns Hopkins.<\/span><\/p>\n<\/div>\n\t\t<\/div><\/div><\/div><\/div><\/div><div id=\"pg-110-2\"  class=\"panel-grid panel-has-style\" ><div class=\"panel-row-style panel-row-style-for-110-2\" ><div id=\"pgc-110-2-0\"  class=\"panel-grid-cell\" ><div id=\"panel-110-2-0-0\" class=\"so-panel widget widget_media_image panel-first-child panel-last-child\" data-index=\"4\" ><img width=\"294\" height=\"300\" src=\"https:\/\/aulaandina.com\/wp-content\/uploads\/2016\/10\/testi_04-1-294x300.png\" class=\"image wp-image-154  attachment-medium size-medium\" alt=\"\" decoding=\"async\" loading=\"lazy\" style=\"max-width: 100%; height: auto;\" srcset=\"https:\/\/aulaandina.com\/wp-content\/uploads\/2016\/10\/testi_04-1-294x300.png 294w, https:\/\/aulaandina.com\/wp-content\/uploads\/2016\/10\/testi_04-1.png 369w\" sizes=\"(max-width: 294px) 100vw, 294px\" \/><\/div><\/div><div id=\"pgc-110-2-1\"  class=\"panel-grid-cell\" ><div id=\"panel-110-2-1-0\" class=\"so-panel widget widget_text panel-first-child\" data-index=\"5\" ><h3 class=\"widget-title\">Adria\u0301n Soria, M.Sc.<\/h3>\t\t\t<div class=\"textwidget\"><\/div>\n\t\t<\/div><div id=\"panel-110-2-1-1\" class=\"so-panel widget widget_text panel-last-child\" data-index=\"6\" ><div class=\"panel-widget-style panel-widget-style-for-110-2-1-1\" >\t\t\t<div class=\"textwidget\"><p><span style=\"font-weight: 400;\">Bio\u0301logo de la Universidad Central del Ecuador, con Maestri\u0301a en Estudios Socioambientales en la Facultad Latinoamericana de Ciencias Sociales (FLACSO). Adria\u0301n ha trabajado por ma\u0301s de 16 an\u0303os como consultor independiente en Proyectos de Conservacio\u0301n e Investigacio\u0301n. Sus proyectos se han enfocado en la investigacio\u0301n de la avifauna altoandina, los humedales y en crear capacidades entre los ciudadanos de sectores rurales en la gestio\u0301n de los recursos naturales y el aviturismo. Adema\u0301s, trabaja como consultor externo en el proyecto Educacio\u0301n para la Sostenibilidad de Gala\u0301pagos que capacita docentes en temas de educacio\u0301n ambiental y el curri\u0301culo contextualizado para Gala\u0301pagos. Por otro lado, Adria\u0301n tambie\u0301n tiene experiencia en la realizacio\u0301n de material dida\u0301ctico para estudiantes que busca divulgar las ciencias y resaltar la importancia de conservar el ambiente para el bienestar de todos. Desde el 2017, a trave\u0301s de su faceta como foto\u0301grafo de paisajes, busca mostrar la belleza inconmensurable de los Andes desarrollando exposiciones fotogra\u0301ficas, talleres especializados en fotografi\u0301a de volcanes, y en la actualidad se encuentra liderando la Estrategia Nacional de Fototurismo auspiciada por la Asociacio\u0301n de Foto\u0301grafos Ecuatorianos. <\/span><\/p>\n<\/div>\n\t\t<\/div><\/div><\/div><\/div><\/div><div id=\"pg-110-3\"  class=\"panel-grid panel-no-style\" ><div id=\"pgc-110-3-0\"  class=\"panel-grid-cell\" ><div id=\"panel-110-3-0-0\" class=\"so-panel widget widget_text panel-first-child panel-last-child\" data-index=\"7\" ><h3 class=\"widget-title\">Colaboradores<\/h3>\t\t\t<div class=\"textwidget\"><\/div>\n\t\t<\/div><\/div><\/div><div id=\"pg-110-4\"  class=\"panel-grid panel-has-style\" ><div class=\"panel-row-style panel-row-style-for-110-4\" ><div id=\"pgc-110-4-0\"  class=\"panel-grid-cell\" ><div id=\"panel-110-4-0-0\" class=\"so-panel widget widget_media_image panel-first-child panel-last-child\" data-index=\"8\" ><img width=\"200\" height=\"300\" src=\"https:\/\/aulaandina.com\/wp-content\/uploads\/2023\/11\/Karla-200x300.jpg\" class=\"image wp-image-15269  attachment-medium size-medium\" alt=\"\" decoding=\"async\" loading=\"lazy\" style=\"max-width: 100%; height: auto;\" srcset=\"https:\/\/aulaandina.com\/wp-content\/uploads\/2023\/11\/Karla-200x300.jpg 200w, https:\/\/aulaandina.com\/wp-content\/uploads\/2023\/11\/Karla-scaled-600x899.jpg 600w, https:\/\/aulaandina.com\/wp-content\/uploads\/2023\/11\/Karla-683x1024.jpg 683w, https:\/\/aulaandina.com\/wp-content\/uploads\/2023\/11\/Karla-768x1151.jpg 768w, https:\/\/aulaandina.com\/wp-content\/uploads\/2023\/11\/Karla-1025x1536.jpg 1025w, https:\/\/aulaandina.com\/wp-content\/uploads\/2023\/11\/Karla-1366x2048.jpg 1366w, https:\/\/aulaandina.com\/wp-content\/uploads\/2023\/11\/Karla-scaled.jpg 1708w\" sizes=\"(max-width: 200px) 100vw, 200px\" \/><\/div><\/div><div id=\"pgc-110-4-1\"  class=\"panel-grid-cell\" ><div id=\"panel-110-4-1-0\" class=\"so-panel widget widget_text panel-first-child\" data-index=\"9\" ><h3 class=\"widget-title\">Karla del Rosal, Ph.D.<\/h3>\t\t\t<div class=\"textwidget\"><\/div>\n\t\t<\/div><div id=\"panel-110-4-1-1\" class=\"so-panel widget widget_text panel-last-child\" data-index=\"10\" ><div class=\"panel-widget-style panel-widget-style-for-110-4-1-1\" >\t\t\t<div class=\"textwidget\"><p><span style=\"font-weight: 400;\">Karla es profesora en Southern Methodist University en los Estados Unidos. Ella ofrece cursos de licenciatura y de maestr\u00eda en la escuela de educaci\u00f3n. Sus \u00e1reas de especialidad son la preparaci\u00f3n de maestros, la evaluaci\u00f3n formativa, y el desarrollo del lenguaje oral y escrito en salones multiling\u00fces. Karla se enfoca en las disciplinas de ciencia y matem\u00e1ticas.<\/span><\/p>\n<p><span style=\"font-weight: 400;\">Karla tiene un Doctorado en Educaci\u00f3n en la Universidad de Colorado Boulder. Tambi\u00e9n tiene experiencia ense\u00f1ando en salones biling\u00fces a nivel primaria y entrenando maestros en escuela secundaria en Estados Unidos.\u00a0<\/span><\/p>\n<p><span style=\"font-weight: 400;\">Karla es originalmente de M\u00e9xico y tiene un hijo de 25 a\u00f1os y una perrita pug de 10 a\u00f1os. En su tiempo libre, Karla escucha podcasts de expertos en diferentes \u00e1reas del conocimiento y le gusta pensar en c\u00f3mo se relacionan con la educaci\u00f3n. <\/span><\/p>\n<\/div>\n\t\t<\/div><\/div><\/div><\/div><\/div><div id=\"pg-110-5\"  class=\"panel-grid panel-has-style\" ><div class=\"panel-row-style panel-row-style-for-110-5\" ><div id=\"pgc-110-5-0\"  class=\"panel-grid-cell\" ><div id=\"panel-110-5-0-0\" class=\"so-panel widget widget_media_image panel-first-child panel-last-child\" data-index=\"11\" ><img width=\"212\" height=\"244\" src=\"https:\/\/aulaandina.com\/wp-content\/uploads\/2023\/11\/Concepcion.jpeg\" class=\"image wp-image-15323  attachment-full size-full\" alt=\"\" decoding=\"async\" loading=\"lazy\" style=\"max-width: 100%; height: auto;\" \/><\/div><\/div><div id=\"pgc-110-5-1\"  class=\"panel-grid-cell\" ><div id=\"panel-110-5-1-0\" class=\"so-panel widget widget_text panel-first-child\" data-index=\"12\" ><h3 class=\"widget-title\">Concepci\u00f3n Moncada Cummings, M.Ed., CALP<\/h3>\t\t\t<div class=\"textwidget\"><\/div>\n\t\t<\/div><div id=\"panel-110-5-1-1\" class=\"so-panel widget widget_text\" data-index=\"13\" ><div class=\"textoIngles panel-widget-style panel-widget-style-for-110-5-1-1\" >\t\t\t<div class=\"textwidget\"><p><em style=\"color: #27ae60;\">Concepci\u00f3n is a bilingual\/biliterate Mexican American doctoral student at the University of Florida. Her current research consists of emergent bilingual students, evidence-based literacy practices, dis\/ability, and education policy. Concepci\u00f3n\u2019s experiences as a former bilingual teacher in public education in the United States have steered her focus in graduate school to bilingual children with dis\/abilities, families of multicultural children, and stressing their stories so that their abilities can be highlighted, and their needs can be met. Her interests are rooted in equity, cultural diversity, and linguistic diversity.<\/em><\/p>\n<\/div>\n\t\t<\/div><\/div><div id=\"panel-110-5-1-2\" class=\"so-panel widget widget_text panel-last-child\" data-index=\"14\" ><div class=\"panel-widget-style panel-widget-style-for-110-5-1-2\" >\t\t\t<div class=\"textwidget\"><p><span style=\"font-weight: 400;\">Concepci\u00f3n es mexicana-estadounidense, es biling\u00fce, y est\u00e1 actualmente haciendo un doctorado en la Universidad de Florida. Su investigaci\u00f3n se enfoca en estudiantes que son emergentes biling\u00fces, pr\u00e1cticas de alfabetizaci\u00f3n basadas en evidencia, discapacidad y pol\u00edtica educativa. Las experiencias de Concepci\u00f3n como maestra biling\u00fce en la educaci\u00f3n p\u00fablica en los Estados Unidos han dirigido su enfoque en la escuela de posgrado a ni\u00f1os biling\u00fces con discapacidades, familias de ni\u00f1os multiculturales, y enfatizando sus historias para que sus habilidades puedan resaltarse y sus necesidades puedan deben cumplirse. Sus intereses se basan en la equidad, la diversidad cultural y la diversidad ling\u00fc\u00edstica.<\/span><\/p>\n<\/div>\n\t\t<\/div><\/div><\/div><\/div><\/div><div id=\"pg-110-6\"  class=\"panel-grid panel-has-style\" ><div class=\"panel-row-style panel-row-style-for-110-6\" ><div id=\"pgc-110-6-0\"  class=\"panel-grid-cell\" ><div id=\"panel-110-6-0-0\" class=\"so-panel widget widget_media_image panel-first-child panel-last-child\" data-index=\"15\" ><img width=\"240\" height=\"300\" src=\"https:\/\/aulaandina.com\/wp-content\/uploads\/2023\/11\/Diaz-240x300.jpeg\" class=\"image wp-image-15268  attachment-medium size-medium\" alt=\"\" decoding=\"async\" loading=\"lazy\" style=\"max-width: 100%; height: auto;\" srcset=\"https:\/\/aulaandina.com\/wp-content\/uploads\/2023\/11\/Diaz-240x300.jpeg 240w, https:\/\/aulaandina.com\/wp-content\/uploads\/2023\/11\/Diaz-600x750.jpeg 600w, https:\/\/aulaandina.com\/wp-content\/uploads\/2023\/11\/Diaz.jpeg 640w\" sizes=\"(max-width: 240px) 100vw, 240px\" \/><\/div><\/div><div id=\"pgc-110-6-1\"  class=\"panel-grid-cell\" ><div id=\"panel-110-6-1-0\" class=\"so-panel widget widget_text panel-first-child\" data-index=\"16\" ><h3 class=\"widget-title\">Lucero D\u00edaz Ortiz<\/h3>\t\t\t<div class=\"textwidget\"><\/div>\n\t\t<\/div><div id=\"panel-110-6-1-1\" class=\"so-panel widget widget_text panel-last-child\" data-index=\"17\" ><div class=\"panel-widget-style panel-widget-style-for-110-6-1-1\" >\t\t\t<div class=\"textwidget\"><p><span style=\"font-weight: 400; color: #27ae60;\">Lucero Diaz Ortiz is a bilingual educator with a track record of success in one of Texas\u2019s largest urban school districts. Lucero is a proud first-generation Mexican-American college graduate and a product of Dallas ISD\u2019s public school system. Lucero\u2019s professional experience includes working with low socioeconomic students, Dual Language programs, Gifted and Talented programs, and Title 1 schools. She believes in perfecting her craft through innovative and equitable ways of teaching and engaging learners in a dynamic global environment.<\/span><span style=\"font-weight: 400;\">\u00a0\u00a0<\/span><\/p>\n<p>&nbsp;<\/p>\n<p><span style=\"font-weight: 400; color: #27ae60;\">She has 9 years of experience teaching in 1-5<\/span><span style=\"font-weight: 400; color: #27ae60;\">th <\/span><span style=\"font-weight: 400; color: #27ae60;\">dual language classrooms and is currently a gifted and talented teacher. In her career Lucero has been awarded Elementary Teacher of the Year, is a Dallas Independent School District Distinguished Teacher, Texas Education Association Recognized, received school awards from the U.S. Department of Education\u2019s National Blue Ribbon Schools Award for Academic Excellence and Office of Transformation and Innovation &#8211; Public School Choice. She has also been in the Texas\u2019 HB3 Reading Academy Advisory Council, Campus Leadership Team, District Network Writing Task Force, a grade level chair, mentor teacher,\u00a0 and presented at various district network planning workshops.<\/span><\/p>\n<p>&nbsp;<\/p>\n<p><span style=\"font-weight: 400; color: #27ae60;\">Besides teaching, Lucero has also worked as a professional development facilitator for The Education for the Sustainability of Galapagos islands- a partnership between the Galapagos Conservancy NGO and Ecuadorian Ministry of Education. During this time, she developed and presented workshops on best practices for the integration of literacy, conservancy initiatives, and curriculum to support teachers and school administrators in the Galapagos Islands. She has also served as an Educational Consultant for Transformative Learning.<\/span><\/p>\n<p>&nbsp;<\/p>\n<p><span style=\"font-weight: 400; color: #27ae60;\">During her free time she loves going on adventures with her dog [Benito],\u00a0 spending time with her family &amp; friends, trying out new restaurants, laying on her hammock while reading a good book, and traveling the world. <\/span><\/p>\n<\/div>\n\t\t<\/div><\/div><\/div><\/div><\/div><\/div>","protected":false},"excerpt":{"rendered":"<p>Educadora y consultora independiente. Actualmente, se desempen\u0303a realizando capacitaciones a profesores en temas de educacio\u0301n ambiental y buenas pra\u0301cticas pedago\u0301gicas<a class=\"read-more\" href=\"https:\/\/aulaandina.com\/index.php\/about\/\">&#8230;<\/a><\/p>\n","protected":false},"author":1,"featured_media":15294,"parent":0,"menu_order":0,"comment_status":"closed","ping_status":"closed","template":"","meta":{"_bbp_topic_count":0,"_bbp_reply_count":0,"_bbp_total_topic_count":0,"_bbp_total_reply_count":0,"_bbp_voice_count":0,"_bbp_anonymous_reply_count":0,"_bbp_topic_count_hidden":0,"_bbp_reply_count_hidden":0,"_bbp_forum_subforum_count":0},"_links":{"self":[{"href":"https:\/\/aulaandina.com\/index.php\/wp-json\/wp\/v2\/pages\/110"}],"collection":[{"href":"https:\/\/aulaandina.com\/index.php\/wp-json\/wp\/v2\/pages"}],"about":[{"href":"https:\/\/aulaandina.com\/index.php\/wp-json\/wp\/v2\/types\/page"}],"author":[{"embeddable":true,"href":"https:\/\/aulaandina.com\/index.php\/wp-json\/wp\/v2\/users\/1"}],"replies":[{"embeddable":true,"href":"https:\/\/aulaandina.com\/index.php\/wp-json\/wp\/v2\/comments?post=110"}],"version-history":[{"count":71,"href":"https:\/\/aulaandina.com\/index.php\/wp-json\/wp\/v2\/pages\/110\/revisions"}],"predecessor-version":[{"id":15335,"href":"https:\/\/aulaandina.com\/index.php\/wp-json\/wp\/v2\/pages\/110\/revisions\/15335"}],"wp:featuredmedia":[{"embeddable":true,"href":"https:\/\/aulaandina.com\/index.php\/wp-json\/wp\/v2\/media\/15294"}],"wp:attachment":[{"href":"https:\/\/aulaandina.com\/index.php\/wp-json\/wp\/v2\/media?parent=110"}],"curies":[{"name":"wp","href":"https:\/\/api.w.org\/{rel}","templated":true}]}}